{"id":5,"date":"2009-01-14T21:29:18","date_gmt":"2009-01-14T20:29:18","guid":{"rendered":"http:\/\/guidoschwarz.at\/blog\/?page_id=5"},"modified":"2018-01-31T23:17:33","modified_gmt":"2018-01-31T22:17:33","slug":"haftung","status":"publish","type":"page","link":"https:\/\/guidoschwarz.at\/blog\/haftung\/","title":{"rendered":"Haftung"},"content":{"rendered":"<p><strong>Urheberrecht:<\/strong><br \/>\nDie einzelnen Beitr\u00e4ge sind geistiges Eigentum des Anbieters. Das Urheberrecht daf\u00fcr bleibt allein beim Anbieter der Seiten. Die Vervielf\u00e4ltigung oder Verwendung dieser Texte durch Dritte, ist ohne ausdr\u00fcckliche Zustimmung des Verfassers nicht gestattet. Dies gilt insbesondere f\u00fcr elektronische oder gedruckte Publikationen.<\/p>\n<p>Alle auf der Seite verwendeten Grafiken sind lizenzfrei oder selbst erstellt. Die Urheberrechte daf\u00fcr verbleiben beim jeweiligen Ersteller.<\/p>\n<p><strong>Inhalt des Weblogs:<\/strong><br \/>\nDie Inhalte dieses Blogs dienen ausschlie\u00dflich dem Informations- und Meinungsaustausch der daran teilnehmenden Nutzer.<\/p>\n<p>guidoschwarz.at leistet keinerlei Gew\u00e4hr oder \u00fcbernimmt keine wie auch immer geartete  Haftung im Rahmen dieses Weblog-Angebotes, insbesondere auch nicht f\u00fcr die Richtigkeit, Vollst\u00e4ndigkeit oder Aktualit\u00e4t der Inhalte. Jeder an diesem Blog teilnehmende User (egal ob als Autor, Kommentator oder sonstiger Nutzer) haftet selbst f\u00fcr die von ihm eingestellten Inhalte nach s\u00e4mtlichen Rechtsvorschriften (dies gilt insbesondere f\u00fcr die Vorschriften des Urheberrechts-, Datenschutz- sowie Telekommunikationsgesetzes aber auch hinsichtlich beleidigender, ehrenr\u00fchriger oder auf andere Weise diffamierender Inhalte).<br \/>\nIm Sinne der jeweils g\u00fcltigen Rechtsvorschriften wird guidoschwarz.at Inhalte nach tats\u00e4chlicher Kenntnis bzw. Offensichtlichkeit einer Rechtswidrigkeit umgehend l\u00f6schen.<\/p>\n<p><strong>Links und Verweise:<\/strong><br \/>\nDer Anbieter haftet nicht f\u00fcr Links, da die Haftung den Betreibern dieser Links obliegt. F\u00fcr Sch\u00e4den, die aus der Nutzung oder Nichtnutzung derartig dargebotener Informationen entstehen, haftet allein der Anbieter der Seite, auf welche verwiesen wurde.<\/p>\n<p><strong>Rechtswirksamkeit:<\/strong><br \/>\nSollten einzelne Abschnitte oder Formulierungen dieses Haftungsausschlusses unwirksam sein, so bleibt die Wirksamkeit aller \u00fcbrigen Bestandteile dieses Textes in Inhalt und G\u00fcltigkeit davon unber\u00fchrt. Unwirksame Formulierungen werden nach M\u00f6glichkeit durch solche wirksamen Formulierungen ersetzt, die den angestrebten Zweck weitgehend erreichen. <\/p>\n","protected":false},"excerpt":{"rendered":"<p>Urheberrecht: Die einzelnen Beitr\u00e4ge sind geistiges Eigentum des Anbieters. Das Urheberrecht daf\u00fcr bleibt allein beim Anbieter der Seiten. Die Vervielf\u00e4ltigung oder Verwendung dieser Texte durch Dritte, ist ohne ausdr\u00fcckliche Zustimmung des Verfassers nicht gestattet. Dies gilt insbesondere f\u00fcr elektronische oder<\/p>\n","protected":false},"author":1,"featured_media":0,"parent":0,"menu_order":0,"comment_status":"closed","ping_status":"closed","template":"page-templates\/contact.php","meta":{"footnotes":""},"class_list":["post-5","page","type-page","status-publish","hentry"],"_links":{"self":[{"href":"https:\/\/guidoschwarz.at\/blog\/wp-json\/wp\/v2\/pages\/5","targetHints":{"allow":["GET"]}}],"collection":[{"href":"https:\/\/guidoschwarz.at\/blog\/wp-json\/wp\/v2\/pages"}],"about":[{"href":"https:\/\/guidoschwarz.at\/blog\/wp-json\/wp\/v2\/types\/page"}],"author":[{"embeddable":true,"href":"https:\/\/guidoschwarz.at\/blog\/wp-json\/wp\/v2\/users\/1"}],"replies":[{"embeddable":true,"href":"https:\/\/guidoschwarz.at\/blog\/wp-json\/wp\/v2\/comments?post=5"}],"version-history":[{"count":1,"href":"https:\/\/guidoschwarz.at\/blog\/wp-json\/wp\/v2\/pages\/5\/revisions"}],"predecessor-version":[{"id":2463,"href":"https:\/\/guidoschwarz.at\/blog\/wp-json\/wp\/v2\/pages\/5\/revisions\/2463"}],"wp:attachment":[{"href":"https:\/\/guidoschwarz.at\/blog\/wp-json\/wp\/v2\/media?parent=5"}],"curies":[{"name":"wp","href":"https:\/\/api.w.org\/{rel}","templated":true}]}}